{"id":311,"date":"2023-02-13T13:17:17","date_gmt":"2023-02-13T13:17:17","guid":{"rendered":"https:\/\/blockinar.com\/?page_id=311"},"modified":"2023-04-11T11:16:01","modified_gmt":"2023-04-11T11:16:01","slug":"soluciones","status":"publish","type":"page","link":"https:\/\/blockinar.com\/en\/soluciones\/","title":{"rendered":"Solutions"},"content":{"rendered":"<div data-elementor-type=\"wp-page\" data-elementor-id=\"311\" class=\"elementor elementor-311\" data-elementor-settings=\"{&quot;ha_cmc_init_switcher&quot;:&quot;no&quot;}\">\n\t\t\t\t\t\t<section class=\"elementor-section elementor-top-section elementor-element elementor-element-debd82f elementor-section-height-min-height elementor-section-stretched elementor-section-content-bottom elementor-section-items-bottom elementor-section-boxed elementor-section-height-default wpr-particle-no wpr-jarallax-no wpr-parallax-no wpr-sticky-section-no wpr-equal-height-no\" data-id=\"debd82f\" data-element_type=\"section\" data-e-type=\"section\" data-settings=\"{&quot;stretch_section&quot;:&quot;section-stretched&quot;,&quot;background_background&quot;:&quot;classic&quot;,&quot;_ha_eqh_enable&quot;:false}\">\n\t\t\t\t\t\t<div class=\"elementor-container elementor-column-gap-default\">\n\t\t\t\t\t<div class=\"elementor-column elementor-col-100 elementor-top-column elementor-element elementor-element-e83bcae\" data-id=\"e83bcae\" data-element_type=\"column\" data-e-type=\"column\">\n\t\t\t<div class=\"elementor-widget-wrap elementor-element-populated\">\n\t\t\t\t\t\t<section class=\"elementor-section elementor-inner-section elementor-element elementor-element-f206818 elementor-section-content-bottom elementor-section-boxed elementor-section-height-default elementor-section-height-default wpr-particle-no wpr-jarallax-no wpr-parallax-no wpr-sticky-section-no wpr-equal-height-no\" data-id=\"f206818\" data-element_type=\"section\" data-e-type=\"section\" data-settings=\"{&quot;_ha_eqh_enable&quot;:false}\">\n\t\t\t\t\t\t<div class=\"elementor-container elementor-column-gap-default\">\n\t\t\t\t\t<div class=\"elementor-column elementor-col-50 elementor-inner-column elementor-element elementor-element-0061d03 elementor-invisible\" data-id=\"0061d03\" data-element_type=\"column\" data-e-type=\"column\" data-settings=\"{&quot;animation&quot;:&quot;fadeInLeft&quot;}\">\n\t\t\t<div class=\"elementor-widget-wrap elementor-element-populated\">\n\t\t\t\t\t\t<div class=\"elementor-element elementor-element-3b81759 elementor-widget elementor-widget-heading\" data-id=\"3b81759\" data-element_type=\"widget\" data-e-type=\"widget\" data-widget_type=\"heading.default\">\n\t\t\t\t<div class=\"elementor-widget-container\">\n\t\t\t\t\t<h1 class=\"elementor-heading-title elementor-size-default translation-block\">Advanced solutions <br>\nfor Smart Industries.<\/h1>\t\t\t\t<\/div>\n\t\t\t\t<\/div>\n\t\t\t\t<div class=\"elementor-element elementor-element-c6640bf elementor-hidden-tablet elementor-hidden-mobile elementor-widget elementor-widget-heading\" data-id=\"c6640bf\" data-element_type=\"widget\" data-e-type=\"widget\" data-widget_type=\"heading.default\">\n\t\t\t\t<div class=\"elementor-widget-container\">\n\t\t\t\t\t<p class=\"elementor-heading-title elementor-size-default translation-block\">BLOCKINAR solutions are oriented to optimize <br>\nthe interaction between teams, professionals and systems.<\/p>\t\t\t\t<\/div>\n\t\t\t\t<\/div>\n\t\t\t\t<div class=\"elementor-element elementor-element-33b6c59 elementor-hidden-desktop elementor-widget elementor-widget-heading\" data-id=\"33b6c59\" data-element_type=\"widget\" data-e-type=\"widget\" data-widget_type=\"heading.default\">\n\t\t\t\t<div class=\"elementor-widget-container\">\n\t\t\t\t\t<p class=\"elementor-heading-title elementor-size-default translation-block\">BLOCKINAR solutions are oriented to optimize <br>\nthe interaction between teams, professionals and systems.<\/p>\t\t\t\t<\/div>\n\t\t\t\t<\/div>\n\t\t\t\t\t<\/div>\n\t\t<\/div>\n\t\t\t\t<div class=\"elementor-column elementor-col-50 elementor-inner-column elementor-element elementor-element-e4ea3a2\" data-id=\"e4ea3a2\" data-element_type=\"column\" data-e-type=\"column\">\n\t\t\t<div class=\"elementor-widget-wrap\">\n\t\t\t\t\t\t\t<\/div>\n\t\t<\/div>\n\t\t\t\t\t<\/div>\n\t\t<\/section>\n\t\t\t\t<div class=\"elementor-element elementor-element-9ee0929 elementor-hidden-mobile elementor-widget elementor-widget-spacer\" data-id=\"9ee0929\" data-element_type=\"widget\" data-e-type=\"widget\" data-widget_type=\"spacer.default\">\n\t\t\t\t<div class=\"elementor-widget-container\">\n\t\t\t\t\t\t\t<div class=\"elementor-spacer\">\n\t\t\t<div class=\"elementor-spacer-inner\"><\/div>\n\t\t<\/div>\n\t\t\t\t\t\t<\/div>\n\t\t\t\t<\/div>\n\t\t\t\t<div class=\"elementor-element elementor-element-e8e46b2 elementor-widget elementor-widget-image\" data-id=\"e8e46b2\" data-element_type=\"widget\" data-e-type=\"widget\" data-widget_type=\"image.default\">\n\t\t\t\t<div class=\"elementor-widget-container\">\n\t\t\t\t\t\t\t\t\t\t\t\t\t\t\t\t<a href=\"#blockinar\">\n\t\t\t\t\t\t\t<img decoding=\"async\" width=\"87\" height=\"87\" src=\"https:\/\/blockinar.com\/wp-content\/uploads\/2023\/02\/icon1@2x.png\" class=\"elementor-animation-sink attachment-full size-full wp-image-64\" alt=\"\" \/>\t\t\t\t\t\t\t\t<\/a>\n\t\t\t\t\t\t\t\t\t\t\t\t\t\t\t<\/div>\n\t\t\t\t<\/div>\n\t\t\t\t\t<\/div>\n\t\t<\/div>\n\t\t\t\t\t<\/div>\n\t\t<\/section>\n\t\t\t\t<section class=\"elementor-section elementor-top-section elementor-element elementor-element-0031b9b elementor-section-stretched elementor-section-boxed elementor-section-height-default elementor-section-height-default wpr-particle-no wpr-jarallax-no wpr-parallax-no wpr-sticky-section-no wpr-equal-height-no\" data-id=\"0031b9b\" data-element_type=\"section\" data-e-type=\"section\" data-settings=\"{&quot;stretch_section&quot;:&quot;section-stretched&quot;,&quot;background_background&quot;:&quot;classic&quot;,&quot;_ha_eqh_enable&quot;:false}\">\n\t\t\t\t\t\t<div class=\"elementor-container elementor-column-gap-default\">\n\t\t\t\t\t<div class=\"elementor-column elementor-col-100 elementor-top-column elementor-element elementor-element-32381af\" data-id=\"32381af\" data-element_type=\"column\" data-e-type=\"column\">\n\t\t\t<div class=\"elementor-widget-wrap elementor-element-populated\">\n\t\t\t\t\t\t<div class=\"elementor-element elementor-element-ad846a5 elementor-invisible elementor-widget elementor-widget-heading\" data-id=\"ad846a5\" data-element_type=\"widget\" data-e-type=\"widget\" data-settings=\"{&quot;_animation&quot;:&quot;fadeIn&quot;}\" data-widget_type=\"heading.default\">\n\t\t\t\t<div class=\"elementor-widget-container\">\n\t\t\t\t\t<h4 class=\"elementor-heading-title elementor-size-default\">IOT\/AI Based Platforms<\/h4>\t\t\t\t<\/div>\n\t\t\t\t<\/div>\n\t\t\t\t\t<\/div>\n\t\t<\/div>\n\t\t\t\t\t<\/div>\n\t\t<\/section>\n\t\t\t\t<section class=\"elementor-section elementor-top-section elementor-element elementor-element-f4001de elementor-section-boxed elementor-section-height-default elementor-section-height-default wpr-particle-no wpr-jarallax-no wpr-parallax-no wpr-sticky-section-no wpr-equal-height-no elementor-invisible\" data-id=\"f4001de\" data-element_type=\"section\" data-e-type=\"section\" data-settings=\"{&quot;background_background&quot;:&quot;classic&quot;,&quot;animation&quot;:&quot;fadeIn&quot;,&quot;_ha_eqh_enable&quot;:false}\">\n\t\t\t\t\t\t<div class=\"elementor-container elementor-column-gap-default\">\n\t\t\t\t\t<div class=\"elementor-column elementor-col-100 elementor-top-column elementor-element elementor-element-bfe6776\" data-id=\"bfe6776\" data-element_type=\"column\" data-e-type=\"column\">\n\t\t\t<div class=\"elementor-widget-wrap elementor-element-populated\">\n\t\t\t\t\t\t<div class=\"elementor-element elementor-element-a48f0d9 elementor-widget elementor-widget-heading\" data-id=\"a48f0d9\" data-element_type=\"widget\" data-e-type=\"widget\" id=\"blockinar\" data-widget_type=\"heading.default\">\n\t\t\t\t<div class=\"elementor-widget-container\">\n\t\t\t\t\t<h3 class=\"elementor-heading-title elementor-size-default\">Blockinar APM\n\n<\/h3>\t\t\t\t<\/div>\n\t\t\t\t<\/div>\n\t\t\t\t<div class=\"elementor-element elementor-element-ea3bfb1 elementor-widget elementor-widget-image\" data-id=\"ea3bfb1\" data-element_type=\"widget\" data-e-type=\"widget\" data-widget_type=\"image.default\">\n\t\t\t\t<div class=\"elementor-widget-container\">\n\t\t\t\t\t\t\t\t\t\t\t\t\t\t\t<img fetchpriority=\"high\" decoding=\"async\" width=\"636\" height=\"144\" src=\"https:\/\/blockinar.com\/wp-content\/uploads\/2023\/02\/ptitulo.png\" class=\"attachment-full size-full wp-image-738\" alt=\"\" srcset=\"https:\/\/blockinar.com\/wp-content\/uploads\/2023\/02\/ptitulo.png 636w, https:\/\/blockinar.com\/wp-content\/uploads\/2023\/02\/ptitulo-300x68.png 300w\" sizes=\"(max-width: 636px) 100vw, 636px\" \/>\t\t\t\t\t\t\t\t\t\t\t\t\t\t\t<\/div>\n\t\t\t\t<\/div>\n\t\t\t\t<div class=\"elementor-element elementor-element-79f9e2c elementor-widget elementor-widget-heading\" data-id=\"79f9e2c\" data-element_type=\"widget\" data-e-type=\"widget\" data-widget_type=\"heading.default\">\n\t\t\t\t<div class=\"elementor-widget-container\">\n\t\t\t\t\t<p class=\"elementor-heading-title elementor-size-default\">We provide knowledge to help you transform the way critical assets are managed and maintained in Health-related Institutions by predicting and preventing failures.\n<\/p>\t\t\t\t<\/div>\n\t\t\t\t<\/div>\n\t\t\t\t<div class=\"elementor-element elementor-element-5834ddc elementor-absolute elementor-hidden-tablet elementor-hidden-mobile elementor-invisible elementor-widget elementor-widget-image\" data-id=\"5834ddc\" data-element_type=\"widget\" data-e-type=\"widget\" data-settings=\"{&quot;_position&quot;:&quot;absolute&quot;,&quot;_animation&quot;:&quot;fadeIn&quot;}\" data-widget_type=\"image.default\">\n\t\t\t\t<div class=\"elementor-widget-container\">\n\t\t\t\t\t\t\t\t\t\t\t\t\t\t\t<img decoding=\"async\" width=\"1221\" height=\"2324\" src=\"https:\/\/blockinar.com\/wp-content\/uploads\/2023\/02\/back3@2x.png\" class=\"attachment-full size-full wp-image-106\" alt=\"\" srcset=\"https:\/\/blockinar.com\/wp-content\/uploads\/2023\/02\/back3@2x.png 1221w, https:\/\/blockinar.com\/wp-content\/uploads\/2023\/02\/back3@2x-158x300.png 158w, https:\/\/blockinar.com\/wp-content\/uploads\/2023\/02\/back3@2x-538x1024.png 538w, https:\/\/blockinar.com\/wp-content\/uploads\/2023\/02\/back3@2x-768x1462.png 768w, https:\/\/blockinar.com\/wp-content\/uploads\/2023\/02\/back3@2x-807x1536.png 807w, https:\/\/blockinar.com\/wp-content\/uploads\/2023\/02\/back3@2x-1076x2048.png 1076w\" sizes=\"(max-width: 1221px) 100vw, 1221px\" \/>\t\t\t\t\t\t\t\t\t\t\t\t\t\t\t<\/div>\n\t\t\t\t<\/div>\n\t\t\t\t\t<\/div>\n\t\t<\/div>\n\t\t\t\t\t<\/div>\n\t\t<\/section>\n\t\t\t\t<section class=\"elementor-section elementor-top-section elementor-element elementor-element-5a7d9e1 elementor-section-stretched elementor-section-boxed elementor-section-height-default elementor-section-height-default wpr-particle-no wpr-jarallax-no wpr-parallax-no wpr-sticky-section-no wpr-equal-height-no\" data-id=\"5a7d9e1\" data-element_type=\"section\" data-e-type=\"section\" data-settings=\"{&quot;stretch_section&quot;:&quot;section-stretched&quot;,&quot;background_background&quot;:&quot;classic&quot;,&quot;_ha_eqh_enable&quot;:false}\">\n\t\t\t\t\t\t<div class=\"elementor-container elementor-column-gap-default\">\n\t\t\t\t\t<div class=\"elementor-column elementor-col-100 elementor-top-column elementor-element elementor-element-4b9a741\" data-id=\"4b9a741\" data-element_type=\"column\" data-e-type=\"column\">\n\t\t\t<div class=\"elementor-widget-wrap elementor-element-populated\">\n\t\t\t\t\t\t<div class=\"elementor-element elementor-element-d72564e elementor-invisible elementor-widget elementor-widget-image\" data-id=\"d72564e\" data-element_type=\"widget\" data-e-type=\"widget\" data-settings=\"{&quot;_animation&quot;:&quot;fadeInUp&quot;}\" data-widget_type=\"image.default\">\n\t\t\t\t<div class=\"elementor-widget-container\">\n\t\t\t\t\t\t\t\t\t\t\t\t\t\t\t<img loading=\"lazy\" decoding=\"async\" width=\"1949\" height=\"1170\" src=\"https:\/\/blockinar.com\/wp-content\/uploads\/2023\/02\/blockinar-apm-1.png\" class=\"attachment-full size-full wp-image-325\" alt=\"\" srcset=\"https:\/\/blockinar.com\/wp-content\/uploads\/2023\/02\/blockinar-apm-1.png 1949w, https:\/\/blockinar.com\/wp-content\/uploads\/2023\/02\/blockinar-apm-1-300x180.png 300w, https:\/\/blockinar.com\/wp-content\/uploads\/2023\/02\/blockinar-apm-1-1024x615.png 1024w, https:\/\/blockinar.com\/wp-content\/uploads\/2023\/02\/blockinar-apm-1-768x461.png 768w, https:\/\/blockinar.com\/wp-content\/uploads\/2023\/02\/blockinar-apm-1-1536x922.png 1536w\" sizes=\"(max-width: 1949px) 100vw, 1949px\" \/>\t\t\t\t\t\t\t\t\t\t\t\t\t\t\t<\/div>\n\t\t\t\t<\/div>\n\t\t\t\t<div class=\"elementor-element elementor-element-6a0caa8 elementor-hidden-mobile elementor-invisible elementor-widget elementor-widget-image\" data-id=\"6a0caa8\" data-element_type=\"widget\" data-e-type=\"widget\" data-settings=\"{&quot;_animation&quot;:&quot;fadeInLeft&quot;}\" data-widget_type=\"image.default\">\n\t\t\t\t<div class=\"elementor-widget-container\">\n\t\t\t\t\t\t\t\t\t\t\t\t\t\t\t<img loading=\"lazy\" decoding=\"async\" width=\"2020\" height=\"1482\" src=\"https:\/\/blockinar.com\/wp-content\/uploads\/2023\/02\/que-involucra.png\" class=\"attachment-full size-full wp-image-329\" alt=\"\" srcset=\"https:\/\/blockinar.com\/wp-content\/uploads\/2023\/02\/que-involucra.png 2020w, https:\/\/blockinar.com\/wp-content\/uploads\/2023\/02\/que-involucra-300x220.png 300w, https:\/\/blockinar.com\/wp-content\/uploads\/2023\/02\/que-involucra-1024x751.png 1024w, https:\/\/blockinar.com\/wp-content\/uploads\/2023\/02\/que-involucra-768x563.png 768w, https:\/\/blockinar.com\/wp-content\/uploads\/2023\/02\/que-involucra-1536x1127.png 1536w\" sizes=\"(max-width: 2020px) 100vw, 2020px\" \/>\t\t\t\t\t\t\t\t\t\t\t\t\t\t\t<\/div>\n\t\t\t\t<\/div>\n\t\t\t\t<div class=\"elementor-element elementor-element-67e173a elementor-hidden-desktop elementor-hidden-tablet elementor-invisible elementor-widget elementor-widget-image\" data-id=\"67e173a\" data-element_type=\"widget\" data-e-type=\"widget\" data-settings=\"{&quot;_animation&quot;:&quot;fadeInLeft&quot;}\" data-widget_type=\"image.default\">\n\t\t\t\t<div class=\"elementor-widget-container\">\n\t\t\t\t\t\t\t\t\t\t\t\t\t\t\t<img loading=\"lazy\" decoding=\"async\" width=\"1880\" height=\"2378\" src=\"https:\/\/blockinar.com\/wp-content\/uploads\/2023\/02\/que-involucra-mobile.png\" class=\"attachment-full size-full wp-image-348\" alt=\"\" srcset=\"https:\/\/blockinar.com\/wp-content\/uploads\/2023\/02\/que-involucra-mobile.png 1880w, https:\/\/blockinar.com\/wp-content\/uploads\/2023\/02\/que-involucra-mobile-237x300.png 237w, https:\/\/blockinar.com\/wp-content\/uploads\/2023\/02\/que-involucra-mobile-810x1024.png 810w, https:\/\/blockinar.com\/wp-content\/uploads\/2023\/02\/que-involucra-mobile-768x971.png 768w, https:\/\/blockinar.com\/wp-content\/uploads\/2023\/02\/que-involucra-mobile-1214x1536.png 1214w, https:\/\/blockinar.com\/wp-content\/uploads\/2023\/02\/que-involucra-mobile-1619x2048.png 1619w\" sizes=\"(max-width: 1880px) 100vw, 1880px\" \/>\t\t\t\t\t\t\t\t\t\t\t\t\t\t\t<\/div>\n\t\t\t\t<\/div>\n\t\t\t\t\t<\/div>\n\t\t<\/div>\n\t\t\t\t\t<\/div>\n\t\t<\/section>\n\t\t\t\t<section class=\"elementor-section elementor-top-section elementor-element elementor-element-40a6258 elementor-section-height-min-height elementor-section-stretched elementor-section-boxed elementor-section-height-default elementor-section-items-middle wpr-particle-no wpr-jarallax-no wpr-parallax-no wpr-sticky-section-no wpr-equal-height-no\" data-id=\"40a6258\" data-element_type=\"section\" data-e-type=\"section\" data-settings=\"{&quot;stretch_section&quot;:&quot;section-stretched&quot;,&quot;background_background&quot;:&quot;classic&quot;,&quot;_ha_eqh_enable&quot;:false}\">\n\t\t\t\t\t\t<div class=\"elementor-container elementor-column-gap-default\">\n\t\t\t\t\t<div class=\"elementor-column elementor-col-100 elementor-top-column elementor-element elementor-element-ec1ec9d\" data-id=\"ec1ec9d\" data-element_type=\"column\" data-e-type=\"column\">\n\t\t\t<div class=\"elementor-widget-wrap elementor-element-populated\">\n\t\t\t\t\t\t<div class=\"elementor-element elementor-element-a28cb67 elementor-invisible elementor-widget elementor-widget-heading\" data-id=\"a28cb67\" data-element_type=\"widget\" data-e-type=\"widget\" data-settings=\"{&quot;_animation&quot;:&quot;fadeIn&quot;}\" data-widget_type=\"heading.default\">\n\t\t\t\t<div class=\"elementor-widget-container\">\n\t\t\t\t\t<h3 class=\"elementor-heading-title elementor-size-default\">HEMODER HI\n<\/h3>\t\t\t\t<\/div>\n\t\t\t\t<\/div>\n\t\t\t\t<div class=\"elementor-element elementor-element-f25546c elementor-widget elementor-widget-image\" data-id=\"f25546c\" data-element_type=\"widget\" data-e-type=\"widget\" data-widget_type=\"image.default\">\n\t\t\t\t<div class=\"elementor-widget-container\">\n\t\t\t\t\t\t\t\t\t\t\t\t\t\t\t<img loading=\"lazy\" decoding=\"async\" width=\"635\" height=\"144\" src=\"https:\/\/blockinar.com\/wp-content\/uploads\/2023\/02\/ptituloblanco.png\" class=\"attachment-full size-full wp-image-751\" alt=\"\" srcset=\"https:\/\/blockinar.com\/wp-content\/uploads\/2023\/02\/ptituloblanco.png 635w, https:\/\/blockinar.com\/wp-content\/uploads\/2023\/02\/ptituloblanco-300x68.png 300w\" sizes=\"(max-width: 635px) 100vw, 635px\" \/>\t\t\t\t\t\t\t\t\t\t\t\t\t\t\t<\/div>\n\t\t\t\t<\/div>\n\t\t\t\t<div class=\"elementor-element elementor-element-35bb4ee elementor-widget elementor-widget-heading\" data-id=\"35bb4ee\" data-element_type=\"widget\" data-e-type=\"widget\" data-widget_type=\"heading.default\">\n\t\t\t\t<div class=\"elementor-widget-container\">\n\t\t\t\t\t<p class=\"elementor-heading-title elementor-size-default translation-block\">We support the flow associated with the extraction of a sample, obtaining<br> relevant multiparametric diagnostic information for a professional who<br> faces a critical episode.<\/p>\t\t\t\t<\/div>\n\t\t\t\t<\/div>\n\t\t\t\t<div class=\"elementor-element elementor-element-feb4a1b elementor-invisible elementor-widget elementor-widget-image\" data-id=\"feb4a1b\" data-element_type=\"widget\" data-e-type=\"widget\" data-settings=\"{&quot;_animation&quot;:&quot;fadeIn&quot;}\" data-widget_type=\"image.default\">\n\t\t\t\t<div class=\"elementor-widget-container\">\n\t\t\t\t\t\t\t\t\t\t\t\t\t\t\t<img loading=\"lazy\" decoding=\"async\" width=\"2119\" height=\"1273\" src=\"https:\/\/blockinar.com\/wp-content\/uploads\/2023\/02\/hermoder-hi-section.png\" class=\"attachment-full size-full wp-image-335\" alt=\"\" srcset=\"https:\/\/blockinar.com\/wp-content\/uploads\/2023\/02\/hermoder-hi-section.png 2119w, https:\/\/blockinar.com\/wp-content\/uploads\/2023\/02\/hermoder-hi-section-300x180.png 300w, https:\/\/blockinar.com\/wp-content\/uploads\/2023\/02\/hermoder-hi-section-1024x615.png 1024w, https:\/\/blockinar.com\/wp-content\/uploads\/2023\/02\/hermoder-hi-section-768x461.png 768w, https:\/\/blockinar.com\/wp-content\/uploads\/2023\/02\/hermoder-hi-section-1536x923.png 1536w, https:\/\/blockinar.com\/wp-content\/uploads\/2023\/02\/hermoder-hi-section-2048x1230.png 2048w\" sizes=\"(max-width: 2119px) 100vw, 2119px\" \/>\t\t\t\t\t\t\t\t\t\t\t\t\t\t\t<\/div>\n\t\t\t\t<\/div>\n\t\t\t\t<div class=\"elementor-element elementor-element-bac7dd0 elementor-hidden-mobile elementor-invisible elementor-widget elementor-widget-image\" data-id=\"bac7dd0\" data-element_type=\"widget\" data-e-type=\"widget\" data-settings=\"{&quot;_animation&quot;:&quot;fadeInLeft&quot;}\" data-widget_type=\"image.default\">\n\t\t\t\t<div class=\"elementor-widget-container\">\n\t\t\t\t\t\t\t\t\t\t\t\t\t\t\t<img loading=\"lazy\" decoding=\"async\" width=\"2020\" height=\"1483\" src=\"https:\/\/blockinar.com\/wp-content\/uploads\/2023\/02\/que-involucra-2.png\" class=\"attachment-full size-full wp-image-336\" alt=\"\" srcset=\"https:\/\/blockinar.com\/wp-content\/uploads\/2023\/02\/que-involucra-2.png 2020w, https:\/\/blockinar.com\/wp-content\/uploads\/2023\/02\/que-involucra-2-300x220.png 300w, https:\/\/blockinar.com\/wp-content\/uploads\/2023\/02\/que-involucra-2-1024x752.png 1024w, https:\/\/blockinar.com\/wp-content\/uploads\/2023\/02\/que-involucra-2-768x564.png 768w, https:\/\/blockinar.com\/wp-content\/uploads\/2023\/02\/que-involucra-2-1536x1128.png 1536w\" sizes=\"(max-width: 2020px) 100vw, 2020px\" \/>\t\t\t\t\t\t\t\t\t\t\t\t\t\t\t<\/div>\n\t\t\t\t<\/div>\n\t\t\t\t<div class=\"elementor-element elementor-element-0f67603 elementor-hidden-desktop elementor-hidden-tablet elementor-invisible elementor-widget elementor-widget-image\" data-id=\"0f67603\" data-element_type=\"widget\" data-e-type=\"widget\" data-settings=\"{&quot;_animation&quot;:&quot;fadeInLeft&quot;}\" data-widget_type=\"image.default\">\n\t\t\t\t<div class=\"elementor-widget-container\">\n\t\t\t\t\t\t\t\t\t\t\t\t\t\t\t<img loading=\"lazy\" decoding=\"async\" width=\"1911\" height=\"2277\" src=\"https:\/\/blockinar.com\/wp-content\/uploads\/2023\/02\/que-involucra-mobile-2.png\" class=\"attachment-full size-full wp-image-353\" alt=\"\" srcset=\"https:\/\/blockinar.com\/wp-content\/uploads\/2023\/02\/que-involucra-mobile-2.png 1911w, https:\/\/blockinar.com\/wp-content\/uploads\/2023\/02\/que-involucra-mobile-2-252x300.png 252w, https:\/\/blockinar.com\/wp-content\/uploads\/2023\/02\/que-involucra-mobile-2-859x1024.png 859w, https:\/\/blockinar.com\/wp-content\/uploads\/2023\/02\/que-involucra-mobile-2-768x915.png 768w, https:\/\/blockinar.com\/wp-content\/uploads\/2023\/02\/que-involucra-mobile-2-1289x1536.png 1289w, https:\/\/blockinar.com\/wp-content\/uploads\/2023\/02\/que-involucra-mobile-2-1719x2048.png 1719w\" sizes=\"(max-width: 1911px) 100vw, 1911px\" \/>\t\t\t\t\t\t\t\t\t\t\t\t\t\t\t<\/div>\n\t\t\t\t<\/div>\n\t\t\t\t\t<\/div>\n\t\t<\/div>\n\t\t\t\t\t<\/div>\n\t\t<\/section>\n\t\t\t\t<\/div>","protected":false},"excerpt":{"rendered":"<p>Soluciones avanzadas para Industrias Inteligentes. Las soluciones de BLOCKINAR est\u00e1n orientadas a optimizar la interacci\u00f3n entre equipos, profesionales y sistemas. Las soluciones de BLOCKINAR est\u00e1n orientadas a optimizar la interacci\u00f3n entre equipos, profesionales y sistemas. IOT\/AI Based Platforms Blockinar APM Proporcionamos conocimientos para ayudarle a transformar la forma en que se administran y mantienen los activos cr\u00edticos en Instituciones relacionadas a la Salud mediante la predicci\u00f3n y prevenci\u00f3n de fallas. HEMODER HI Soportamos el flujo asociado a la extracci\u00f3n de una muestra, obteniendo informaci\u00f3n diagn\u00f3stica multiparam\u00e9trica relevante para un profesional que enfrenta un episodio cr\u00edtico.<\/p>","protected":false},"author":1,"featured_media":0,"parent":0,"menu_order":0,"comment_status":"closed","ping_status":"closed","template":"elementor_header_footer","meta":{"footnotes":""},"class_list":["post-311","page","type-page","status-publish","hentry"],"_links":{"self":[{"href":"https:\/\/blockinar.com\/en\/wp-json\/wp\/v2\/pages\/311","targetHints":{"allow":["GET"]}}],"collection":[{"href":"https:\/\/blockinar.com\/en\/wp-json\/wp\/v2\/pages"}],"about":[{"href":"https:\/\/blockinar.com\/en\/wp-json\/wp\/v2\/types\/page"}],"author":[{"embeddable":true,"href":"https:\/\/blockinar.com\/en\/wp-json\/wp\/v2\/users\/1"}],"replies":[{"embeddable":true,"href":"https:\/\/blockinar.com\/en\/wp-json\/wp\/v2\/comments?post=311"}],"version-history":[{"count":112,"href":"https:\/\/blockinar.com\/en\/wp-json\/wp\/v2\/pages\/311\/revisions"}],"predecessor-version":[{"id":1336,"href":"https:\/\/blockinar.com\/en\/wp-json\/wp\/v2\/pages\/311\/revisions\/1336"}],"wp:attachment":[{"href":"https:\/\/blockinar.com\/en\/wp-json\/wp\/v2\/media?parent=311"}],"curies":[{"name":"wp","href":"https:\/\/api.w.org\/{rel}","templated":true}]}}